{"id":3,"date":"2025-03-11T10:19:48","date_gmt":"2025-03-11T09:19:48","guid":{"rendered":"http:\/\/aujardinboheme.fr\/?page_id=3"},"modified":"2025-04-18T22:53:31","modified_gmt":"2025-04-18T20:53:31","slug":"politique-de-confidentialite","status":"publish","type":"page","link":"https:\/\/aujardinboheme.fr\/index.php\/politique-de-confidentialite\/","title":{"rendered":"Politique de confidentialit\u00e9"},"content":{"rendered":"\t\t<div data-elementor-type=\"wp-page\" data-elementor-id=\"3\" class=\"elementor elementor-3\">\n\t\t\t\t<div class=\"elementor-element elementor-element-cad8537 e-flex e-con-boxed wpr-particle-no wpr-jarallax-no wpr-parallax-no wpr-sticky-section-no wpr-equal-height-no e-con e-parent\" data-id=\"cad8537\" data-element_type=\"container\" data-e-type=\"container\">\n\t\t\t\t\t<div class=\"e-con-inner\">\n\t\t\t\t<div class=\"elementor-element elementor-element-2513d4f0 elementor-widget elementor-widget-text-editor\" data-id=\"2513d4f0\" data-element_type=\"widget\" data-e-type=\"widget\" data-widget_type=\"text-editor.default\">\n\t\t\t\t<div class=\"elementor-widget-container\">\n\t\t\t\t\t\t\t\t\t<h2>Qui sommes-nous ?\u00a0<\/h2>\n<p><strong>Mentions l\u00e9gales : <\/strong><\/p>\n<p>L\u2019adresse de notre site est\u00a0: <a href=\"http:\/\/aujardinboheme.fr\">http:\/\/aujardinboheme.fr<\/a>.<\/p>\n<p>Micro Ferme florale &#8211;\u00a019 rue de la gare &#8211; 80480 BACOUEL SUR SELLE<\/p>\n<p>(sous couveuse : contrat CAPE avec l\u2019association A Petits PAS, dont le si\u00e8ge social est : 16 rue de Canlers, 62 310 RUISSEAUVILLE. \u00a0<\/p>\n<p>SIRET :\u00a0411\u00a0312\u00a0135 00014<\/p>\n<p><strong>Propri\u00e9taire du site, \u00e9ditrice et directrice de publication :<\/strong><\/p>\n<p>Ang\u00e9lina CARON\u00a0<\/p>\n<p>aujardinboheme@gmail.com<\/p>\n<p>\u00a0<strong>H\u00e9bergeur du site\u00a0:<\/strong>\u00a0Wordpress &#8211; OVH Cloud<\/p>\n<p><strong>Propri\u00e9t\u00e9 intellectuelle\u00a0:<\/strong>\u00a0<\/p>\n<p>L\u2019int\u00e9gralit\u00e9 du site, des textes et photos pr\u00e9sents sur ce site, sont la propri\u00e9t\u00e9 exclusive<br \/>de Au Jardin Boh\u00e8me.<\/p>\n<p>\u00a0<strong>Cr\u00e9dits photos<\/strong><strong>\u00a0<\/strong>:\u00a0Copyright ???<\/p>\n<p><strong>Site Internet<\/strong><\/p>\n<p><strong>2.1 Disponibilit\u00e9 du site web<\/strong><\/p>\n<p>2.1.1 Bien que notre objectif soit de vous offrir le meilleur service possible, nous ne promettons pas que les services de notre site Web seront disponibles en permanence, qu&rsquo;ils r\u00e9pondront \u00e0 vos besoins ou qu&rsquo;ils ne pr\u00e9senteront aucune d\u00e9faillance. Si un d\u00e9faut survient dans le service, veuillez-nous le signaler (voir ci-dessous pour les coordonn\u00e9es) et nous corrigerons le d\u00e9faut d\u00e8s que nous le pourrons raisonnablement.2.1.2 Votre acc\u00e8s au site web peut \u00eatre occasionnellement limit\u00e9 pour permettre les r\u00e9parations, la maintenance ou l&rsquo;introduction de nouvelles installations ou de nouveaux services. Nous r\u00e9tablirons le service d\u00e8s que nous le pourrons raisonnablement. En cas d&rsquo;indisponibilit\u00e9 de notre site web, nos d\u00e9lais habituels de commande et d&rsquo;annulation s&rsquo;appliquent ; veuillez nous informer des modifications apport\u00e9es \u00e0 votre commande par e-mail \u00e0 l&rsquo;adresse <a href=\"mailto:aujardinboheme@gmail.com\">aujardinboheme@gmail.com<\/a><\/p>\n<p><strong>3.2 Liens externes<\/strong><\/p>\n<p>3.2.1 De temps \u00e0 autre, ce site web peut \u00e9galement inclure des liens vers d&rsquo;autres sites web que nous ne contr\u00f4lons pas. Ces liens sont fournis pour votre commodit\u00e9 afin de fournir des informations suppl\u00e9mentaires. Ils ne signifient pas que nous approuvons le(s) site(s) web. Nous n&rsquo;avons aucune responsabilit\u00e9 quant aux contenus, de la politique de confidentialit\u00e9 ou au fonctionnement de ces sites web li\u00e9s, ni quant \u00e0 ce qui est fourni (ou non fourni) par les tiers contr\u00f4lant ces sites web li\u00e9s.<\/p>\n<p>3.2.2 Si vous cr\u00e9ez un lien vers le site web et que nous souhaitons que vous le supprimiez, nous nous r\u00e9servons le droit de vous demander de le faire.<\/p>\n<p><!-- \/wp:paragraph --><!-- wp:heading --><\/p>\n<h2>Commentaires<\/h2>\n<p class=\"font8\" style=\"margin: 0cm; margin-bottom: .0001pt; text-align: justify; vertical-align: baseline;\"><span style=\"font-size: 11.5pt; font-family: 'Arial',sans-serif;\">Quand vous laissez un commentaire sur notre site, les donn\u00e9es inscrites dans le formulaire de commentaire, ainsi que votre adresse IP et l\u2019agent utilisateur de votre navigateur sont collect\u00e9s pour nous aider \u00e0 la d\u00e9tection des commentaires ind\u00e9sirables.<\/span><\/p>\n<p><!-- \/wp:heading --><!-- wp:paragraph --><\/p>\n<p><!-- \/wp:paragraph --><!-- wp:paragraph --><\/p>\n<p>Une cha\u00eene anonymis\u00e9e cr\u00e9\u00e9e \u00e0 partir de votre adresse e-mail (\u00e9galement appel\u00e9e hash) peut \u00eatre envoy\u00e9e au service Gravatar pour v\u00e9rifier si vous utilisez ce dernier. Les clauses de confidentialit\u00e9 du service Gravatar sont disponibles ici\u00a0: https:\/\/automattic.com\/privacy\/. Apr\u00e8s validation de votre commentaire, votre photo de profil sera visible publiquement \u00e0 cot\u00e9 de votre commentaire.<\/p>\n<p><!-- \/wp:paragraph --><!-- wp:heading --><\/p>\n<h2>M\u00e9dias<\/h2>\n<p><!-- \/wp:heading --><!-- wp:paragraph --><\/p>\n<p>Si vous t\u00e9l\u00e9versez des images sur le site, nous vous conseillons d\u2019\u00e9viter de t\u00e9l\u00e9verser des images contenant des donn\u00e9es EXIF de coordonn\u00e9es GPS. Les personnes visitant votre site peuvent t\u00e9l\u00e9charger et extraire des donn\u00e9es de localisation depuis ces images.<\/p>\n<p><!-- \/wp:paragraph --><!-- wp:heading --><\/p>\n<h2>Cookies<\/h2>\n<p><!-- \/wp:heading --><!-- wp:paragraph --><\/p>\n<p>Si vous d\u00e9posez un commentaire sur notre site, il vous sera propos\u00e9 d\u2019enregistrer votre nom, adresse e-mail et site dans des cookies. C\u2019est uniquement pour votre confort afin de ne pas avoir \u00e0 saisir ces informations si vous d\u00e9posez un autre commentaire plus tard. Ces cookies expirent au bout d\u2019un an.<\/p>\n<p><!-- \/wp:paragraph --><!-- wp:paragraph --><\/p>\n<p>Si vous vous rendez sur la page de connexion, un cookie temporaire sera cr\u00e9\u00e9 afin de d\u00e9terminer si votre navigateur accepte les cookies. Il ne contient pas de donn\u00e9es personnelles et sera supprim\u00e9 automatiquement \u00e0 la fermeture de votre navigateur.<\/p>\n<p><!-- \/wp:paragraph --><!-- wp:paragraph --><\/p>\n<p>Lorsque vous vous connecterez, nous mettrons en place un certain nombre de cookies pour enregistrer vos informations de connexion et vos pr\u00e9f\u00e9rences d\u2019\u00e9cran. La dur\u00e9e de vie d\u2019un cookie de connexion est de deux jours, celle d\u2019un cookie d\u2019option d\u2019\u00e9cran est d\u2019un an. Si vous cochez \u00ab\u00a0Se souvenir de moi\u00a0\u00bb, votre cookie de connexion sera conserv\u00e9 pendant deux semaines. Si vous vous d\u00e9connectez de votre compte, le cookie de connexion sera effac\u00e9.<\/p>\n<p><!-- \/wp:paragraph --><!-- wp:paragraph --><\/p>\n<p>En modifiant ou en publiant une publication, un cookie suppl\u00e9mentaire sera enregistr\u00e9 dans votre navigateur. Ce cookie ne comprend aucune donn\u00e9e personnelle. Il indique simplement l\u2019ID de la publication que vous venez de modifier. Il expire au bout d\u2019un jour.<\/p>\n<p><!-- \/wp:paragraph --><!-- wp:heading --><\/p>\n<h2>Contenu embarqu\u00e9 depuis d\u2019autres sites<\/h2>\n<p><!-- \/wp:heading --><!-- wp:paragraph --><\/p>\n<p>Les articles de ce site peuvent inclure des contenus int\u00e9gr\u00e9s (par exemple des vid\u00e9os, images, articles\u2026). Le contenu int\u00e9gr\u00e9 depuis d\u2019autres sites se comporte de la m\u00eame mani\u00e8re que si le visiteur se rendait sur cet autre site.<\/p>\n<p><!-- \/wp:paragraph --><!-- wp:paragraph --><\/p>\n<p>Ces sites web pourraient collecter des donn\u00e9es sur vous, utiliser des cookies, embarquer des outils de suivis tiers, suivre vos interactions avec ces contenus embarqu\u00e9s si vous disposez d\u2019un compte connect\u00e9 sur leur site web.<\/p>\n<p><!-- \/wp:paragraph --><!-- wp:heading --><\/p>\n<h2>Utilisation et transmission de vos donn\u00e9es personnelles<\/h2>\n<p><!-- \/wp:heading --><!-- wp:paragraph --><\/p>\n<p><strong>Texte sugg\u00e9r\u00e9\u00a0: <\/strong>Si vous demandez une r\u00e9initialisation de votre mot de passe, votre adresse IP sera incluse dans l\u2019e-mail de r\u00e9initialisation.<\/p>\n<p><!-- \/wp:paragraph --><!-- wp:heading --><\/p>\n<h2>Dur\u00e9es de stockage de vos donn\u00e9es<\/h2>\n<p><!-- \/wp:heading --><!-- wp:paragraph --><\/p>\n<p>Si vous laissez un commentaire, le commentaire et ses m\u00e9tadonn\u00e9es sont conserv\u00e9s ind\u00e9finiment. Cela permet de reconna\u00eetre et approuver automatiquement les commentaires suivants au lieu de les laisser dans la file de mod\u00e9ration.<\/p>\n<p><!-- \/wp:paragraph --><!-- wp:paragraph --><\/p>\n<p>Pour les comptes qui s\u2019inscrivent sur notre site (le cas \u00e9ch\u00e9ant), nous stockons \u00e9galement les donn\u00e9es personnelles indiqu\u00e9es dans leur profil. Tous les comptes peuvent voir, modifier ou supprimer leurs informations personnelles \u00e0 tout moment (\u00e0 l\u2019exception de leur identifiant). Les gestionnaires du site peuvent aussi voir et modifier ces informations.<\/p>\n<p><!-- \/wp:paragraph --><!-- wp:heading --><\/p>\n<h2>Les droits que vous avez sur vos donn\u00e9es<\/h2>\n<p><!-- \/wp:heading --><!-- wp:paragraph --><\/p>\n<p>Si vous avez un compte ou si vous avez laiss\u00e9 des commentaires sur le site, vous pouvez demander \u00e0 recevoir un fichier contenant toutes les donn\u00e9es personnelles que nous poss\u00e9dons \u00e0 votre sujet, incluant celles que vous nous avez fournies. Vous pouvez \u00e9galement demander la suppression des donn\u00e9es personnelles vous concernant. Cela ne prend pas en compte les donn\u00e9es stock\u00e9es \u00e0 des fins administratives, l\u00e9gales ou pour des raisons de s\u00e9curit\u00e9.<\/p>\n<p><!-- \/wp:paragraph --><!-- wp:heading --><\/p>\n<h2>Transmission de vos donn\u00e9es personnelles<\/h2>\n<p><!-- \/wp:heading --><!-- wp:paragraph --><\/p>\n<p>Les commentaires des visiteurs peuvent \u00eatre v\u00e9rifi\u00e9s \u00e0 l\u2019aide d\u2019un service automatis\u00e9 de d\u00e9tection des commentaires ind\u00e9sirables.<\/p>\n<p><!-- \/wp:paragraph --><\/p>\t\t\t\t\t\t\t\t<\/div>\n\t\t\t\t<\/div>\n\t\t\t\t\t<\/div>\n\t\t\t\t<\/div>\n\t\t\t\t<\/div>\n\t\t","protected":false},"excerpt":{"rendered":"<p>Qui sommes-nous ?\u00a0 Mentions l\u00e9gales : L\u2019adresse de notre site est\u00a0: http:\/\/aujardinboheme.fr. Micro Ferme florale &#8211;\u00a019 rue de la gare &#8211; 80480 BACOUEL SUR SELLE (sous couveuse : contrat CAPE avec l\u2019association A Petits PAS, dont le si\u00e8ge social est : 16 rue de Canlers, 62 310 RUISSEAUVILLE. \u00a0 SIRET :\u00a0411\u00a0312\u00a0135 00014 Propri\u00e9taire du site, \u00e9ditrice et directrice de publication : Ang\u00e9lina CARON\u00a0 aujardinboheme@gmail.com \u00a0H\u00e9bergeur du site\u00a0:\u00a0Wordpress &#8211; OVH Cloud Propri\u00e9t\u00e9 intellectuelle\u00a0:\u00a0 L\u2019int\u00e9gralit\u00e9 du site, des textes et photos pr\u00e9sents sur ce site, sont la propri\u00e9t\u00e9 exclusivede Au Jardin Boh\u00e8me. \u00a0Cr\u00e9dits photos\u00a0:\u00a0Copyright ??? Site Internet 2.1 Disponibilit\u00e9 du site web 2.1.1 Bien que notre objectif soit de vous offrir le meilleur service possible, nous ne promettons pas que les services de notre site Web seront disponibles en permanence, qu&rsquo;ils r\u00e9pondront \u00e0 vos besoins ou qu&rsquo;ils ne pr\u00e9senteront aucune d\u00e9faillance. Si un d\u00e9faut survient dans le service, veuillez-nous le signaler (voir ci-dessous pour les coordonn\u00e9es) et nous corrigerons le d\u00e9faut d\u00e8s que nous le pourrons raisonnablement.2.1.2 Votre acc\u00e8s au site web peut \u00eatre occasionnellement limit\u00e9 pour permettre les r\u00e9parations, la maintenance ou l&rsquo;introduction de nouvelles installations ou de nouveaux services. Nous r\u00e9tablirons le service d\u00e8s que nous le pourrons raisonnablement. En cas d&rsquo;indisponibilit\u00e9 de notre site web, nos d\u00e9lais habituels de commande et d&rsquo;annulation s&rsquo;appliquent ; veuillez nous informer des modifications apport\u00e9es \u00e0 votre commande par e-mail \u00e0 l&rsquo;adresse aujardinboheme@gmail.com 3.2 Liens externes 3.2.1 De temps \u00e0 autre, ce site web peut \u00e9galement inclure des liens vers d&rsquo;autres sites web que nous ne contr\u00f4lons pas. Ces liens sont fournis pour votre commodit\u00e9 afin de fournir des informations suppl\u00e9mentaires. Ils ne signifient pas que nous approuvons le(s) site(s) web. Nous n&rsquo;avons aucune responsabilit\u00e9 quant aux contenus, de la politique de confidentialit\u00e9 ou au fonctionnement de ces sites web li\u00e9s, ni quant \u00e0 ce qui est fourni (ou non fourni) par les tiers contr\u00f4lant ces sites web li\u00e9s. 3.2.2 Si vous cr\u00e9ez un lien vers le site web et que nous souhaitons que vous le supprimiez, nous nous r\u00e9servons le droit de vous demander de le faire. Commentaires Quand vous laissez un commentaire sur notre site, les donn\u00e9es inscrites dans le formulaire de commentaire, ainsi que votre adresse IP et l\u2019agent utilisateur de votre navigateur sont collect\u00e9s pour nous aider \u00e0 la d\u00e9tection des commentaires ind\u00e9sirables. Une cha\u00eene anonymis\u00e9e cr\u00e9\u00e9e \u00e0 partir de votre adresse e-mail (\u00e9galement appel\u00e9e hash) peut \u00eatre envoy\u00e9e au service Gravatar pour v\u00e9rifier si vous utilisez ce dernier. Les clauses de confidentialit\u00e9 du service Gravatar sont disponibles ici\u00a0: https:\/\/automattic.com\/privacy\/. Apr\u00e8s validation de votre commentaire, votre photo de profil sera visible publiquement \u00e0 cot\u00e9 de votre commentaire. M\u00e9dias Si vous t\u00e9l\u00e9versez des images sur le site, nous vous conseillons d\u2019\u00e9viter de t\u00e9l\u00e9verser des images contenant des donn\u00e9es EXIF de coordonn\u00e9es GPS. Les personnes visitant votre site peuvent t\u00e9l\u00e9charger et extraire des donn\u00e9es de localisation depuis ces images. Cookies Si vous d\u00e9posez un commentaire sur notre site, il vous sera propos\u00e9 d\u2019enregistrer votre nom, adresse e-mail et site dans des cookies. C\u2019est uniquement pour votre confort afin de ne pas avoir \u00e0 saisir ces informations si vous d\u00e9posez un autre commentaire plus tard. Ces cookies expirent au bout d\u2019un an. Si vous vous rendez sur la page de connexion, un cookie temporaire sera cr\u00e9\u00e9 afin de d\u00e9terminer si votre navigateur accepte les cookies. Il ne contient pas de donn\u00e9es personnelles et sera supprim\u00e9 automatiquement \u00e0 la fermeture de votre navigateur. Lorsque vous vous connecterez, nous mettrons en place un certain nombre de cookies pour enregistrer vos informations de connexion et vos pr\u00e9f\u00e9rences d\u2019\u00e9cran. La dur\u00e9e de vie d\u2019un cookie de connexion est de deux jours, celle d\u2019un cookie d\u2019option d\u2019\u00e9cran est d\u2019un an. Si vous cochez \u00ab\u00a0Se souvenir de moi\u00a0\u00bb, votre cookie de connexion sera conserv\u00e9 pendant deux semaines. Si vous vous d\u00e9connectez de votre compte, le cookie de connexion sera effac\u00e9. En modifiant ou en publiant une publication, un cookie suppl\u00e9mentaire sera enregistr\u00e9 dans votre navigateur. Ce cookie ne comprend aucune donn\u00e9e personnelle. Il indique simplement l\u2019ID de la publication que vous venez de modifier. Il expire au bout d\u2019un jour. Contenu embarqu\u00e9 depuis d\u2019autres sites Les articles de ce site peuvent inclure des contenus int\u00e9gr\u00e9s (par exemple des vid\u00e9os, images, articles\u2026). Le contenu int\u00e9gr\u00e9 depuis d\u2019autres sites se comporte de la m\u00eame mani\u00e8re que si le visiteur se rendait sur cet autre site. Ces sites web pourraient collecter des donn\u00e9es sur vous, utiliser des cookies, embarquer des outils de suivis tiers, suivre vos interactions avec ces contenus embarqu\u00e9s si vous disposez d\u2019un compte connect\u00e9 sur leur site web. Utilisation et transmission de vos donn\u00e9es personnelles Texte sugg\u00e9r\u00e9\u00a0: Si vous demandez une r\u00e9initialisation de votre mot de passe, votre adresse IP sera incluse dans l\u2019e-mail de r\u00e9initialisation. Dur\u00e9es de stockage de vos donn\u00e9es Si vous laissez un commentaire, le commentaire et ses m\u00e9tadonn\u00e9es sont conserv\u00e9s ind\u00e9finiment. Cela permet de reconna\u00eetre et approuver automatiquement les commentaires suivants au lieu de les laisser dans la file de mod\u00e9ration. Pour les comptes qui s\u2019inscrivent sur notre site (le cas \u00e9ch\u00e9ant), nous stockons \u00e9galement les donn\u00e9es personnelles indiqu\u00e9es dans leur profil. Tous les comptes peuvent voir, modifier ou supprimer leurs informations personnelles \u00e0 tout moment (\u00e0 l\u2019exception de leur identifiant). Les gestionnaires du site peuvent aussi voir et modifier ces informations. Les droits que vous avez sur vos donn\u00e9es Si vous avez un compte ou si vous avez laiss\u00e9 des commentaires sur le site, vous pouvez demander \u00e0 recevoir un fichier contenant toutes les donn\u00e9es personnelles que nous poss\u00e9dons \u00e0 votre sujet, incluant celles que vous nous avez fournies. Vous pouvez \u00e9galement demander la suppression des donn\u00e9es personnelles vous concernant. Cela ne prend pas en compte les donn\u00e9es stock\u00e9es \u00e0 des fins administratives, l\u00e9gales ou pour des raisons de s\u00e9curit\u00e9. Transmission de vos donn\u00e9es personnelles Les commentaires des visiteurs peuvent \u00eatre v\u00e9rifi\u00e9s \u00e0 l\u2019aide d\u2019un service automatis\u00e9 de d\u00e9tection des commentaires ind\u00e9sirables.<\/p>\n","protected":false},"author":1,"featured_media":0,"parent":0,"menu_order":0,"comment_status":"closed","ping_status":"open","template":"","meta":{"footnotes":""},"class_list":["post-3","page","type-page","status-publish","hentry"],"_links":{"self":[{"href":"https:\/\/aujardinboheme.fr\/index.php\/wp-json\/wp\/v2\/pages\/3","targetHints":{"allow":["GET"]}}],"collection":[{"href":"https:\/\/aujardinboheme.fr\/index.php\/wp-json\/wp\/v2\/pages"}],"about":[{"href":"https:\/\/aujardinboheme.fr\/index.php\/wp-json\/wp\/v2\/types\/page"}],"author":[{"embeddable":true,"href":"https:\/\/aujardinboheme.fr\/index.php\/wp-json\/wp\/v2\/users\/1"}],"replies":[{"embeddable":true,"href":"https:\/\/aujardinboheme.fr\/index.php\/wp-json\/wp\/v2\/comments?post=3"}],"version-history":[{"count":6,"href":"https:\/\/aujardinboheme.fr\/index.php\/wp-json\/wp\/v2\/pages\/3\/revisions"}],"predecessor-version":[{"id":1165,"href":"https:\/\/aujardinboheme.fr\/index.php\/wp-json\/wp\/v2\/pages\/3\/revisions\/1165"}],"wp:attachment":[{"href":"https:\/\/aujardinboheme.fr\/index.php\/wp-json\/wp\/v2\/media?parent=3"}],"curies":[{"name":"wp","href":"https:\/\/api.w.org\/{rel}","templated":true}]}}