{"id":21,"date":"2025-03-11T14:30:36","date_gmt":"2025-03-11T13:30:36","guid":{"rendered":"https:\/\/aujardinboheme.fr\/?page_id=21"},"modified":"2025-04-25T22:23:46","modified_gmt":"2025-04-25T20:23:46","slug":"actualites","status":"publish","type":"page","link":"https:\/\/aujardinboheme.fr\/index.php\/actualites\/","title":{"rendered":"Vos \u00e9v\u00e9nements"},"content":{"rendered":"\t\t<div data-elementor-type=\"wp-page\" data-elementor-id=\"21\" class=\"elementor elementor-21\">\n\t\t\t\t<div class=\"elementor-element elementor-element-2af7c9c9 e-flex e-con-boxed wpr-particle-no wpr-jarallax-no wpr-parallax-no wpr-sticky-section-no wpr-equal-height-no e-con e-parent\" data-id=\"2af7c9c9\" data-element_type=\"container\" data-e-type=\"container\">\n\t\t\t\t\t<div class=\"e-con-inner\">\n\t\t\t\t<div class=\"elementor-element elementor-element-2ec1211f elementor-widget elementor-widget-text-editor\" data-id=\"2ec1211f\" data-element_type=\"widget\" data-e-type=\"widget\" data-widget_type=\"text-editor.default\">\n\t\t\t\t<div class=\"elementor-widget-container\">\n\t\t\t\t\t\t\t\t\t<div class=\"wp-block-group alignfull\" style=\"padding: var(--wp--preset--spacing--50);\">\n<p><\/p>\n<div class=\"wp-block-group\"><div class=\"wp-block-group__inner-container is-layout-constrained wp-container-core-group-is-layout-650790e1 wp-block-group-is-layout-constrained\">\n<p><\/p>\n<p><u><img fetchpriority=\"high\" decoding=\"async\" class=\"size-medium wp-image-1033 alignright\" src=\"http:\/\/aujardinboheme.fr\/wp-content\/uploads\/2025\/03\/DSC_0391-300x200.jpg\" alt=\"\" width=\"300\" height=\"200\" srcset=\"https:\/\/aujardinboheme.fr\/wp-content\/uploads\/2025\/03\/DSC_0391-300x200.jpg 300w, https:\/\/aujardinboheme.fr\/wp-content\/uploads\/2025\/03\/DSC_0391-1024x683.jpg 1024w, https:\/\/aujardinboheme.fr\/wp-content\/uploads\/2025\/03\/DSC_0391-768x512.jpg 768w, https:\/\/aujardinboheme.fr\/wp-content\/uploads\/2025\/03\/DSC_0391-1536x1024.jpg 1536w, https:\/\/aujardinboheme.fr\/wp-content\/uploads\/2025\/03\/DSC_0391-2048x1365.jpg 2048w, https:\/\/aujardinboheme.fr\/wp-content\/uploads\/2025\/03\/DSC_0391-1140x760.jpg 1140w\" sizes=\"(max-width: 300px) 100vw, 300px\" \/><img decoding=\"async\" class=\"alignnone size-medium wp-image-1034 alignleft\" src=\"http:\/\/aujardinboheme.fr\/wp-content\/uploads\/2025\/03\/DSC_0392-300x200.jpg\" alt=\"\" width=\"300\" height=\"200\" srcset=\"https:\/\/aujardinboheme.fr\/wp-content\/uploads\/2025\/03\/DSC_0392-300x200.jpg 300w, https:\/\/aujardinboheme.fr\/wp-content\/uploads\/2025\/03\/DSC_0392-1024x683.jpg 1024w, https:\/\/aujardinboheme.fr\/wp-content\/uploads\/2025\/03\/DSC_0392-768x512.jpg 768w, https:\/\/aujardinboheme.fr\/wp-content\/uploads\/2025\/03\/DSC_0392-1536x1024.jpg 1536w, https:\/\/aujardinboheme.fr\/wp-content\/uploads\/2025\/03\/DSC_0392-2048x1365.jpg 2048w, https:\/\/aujardinboheme.fr\/wp-content\/uploads\/2025\/03\/DSC_0392-1140x760.jpg 1140w\" sizes=\"(max-width: 300px) 100vw, 300px\" \/><strong>En fleurs fraiches ou s\u00e9ch\u00e9es<\/strong><\/u><\/p>\n<p style=\"text-align: left;\"><strong>\u00a0<\/strong><\/p>\n<p style=\"text-align: left;\"><strong>\u00a0<\/strong><\/p>\n<p style=\"text-align: left;\"><strong>\u00a0<\/strong><\/p>\n<p style=\"text-align: left;\">Mariage\u00a0: \u00a0Bouquet de mari\u00e9e, centre de table, d\u00e9coration de l\u2019\u00e9glise, arche, couronne de t\u00eate, barettes, bracelet &#8230;<\/p>\n<p style=\"text-align: left;\">Mais \u00e9galement tout autres \u00e9v\u00e8nements o\u00f9 vous souhaitez apporter de la gait\u00e9, et un peu de nature (bapt\u00eame, anniversaire, communion \u2026)<\/p>\n<p style=\"text-align: left;\">Ou pour dire un dernier au revoir pour le deuil d\u2019un proche qui affectionnait les fleurs.<\/p>\n<p style=\"text-align: left;\">Toutes mes cr\u00e9ations sont r\u00e9alis\u00e9es en mode eco-responsable sans mousse florale, mais avec du grillage qui est donc r\u00e9utilisable.<\/p>\n<p style=\"text-align: left;\">Devis possible par mail\u00a0: \u00a0aujardinboheme@gmail.com<\/p>\n<\/div>\n<\/div>\n<div class=\"wp-block-group alignfull\" style=\"margin-top: 0; margin-bottom: 0; padding: var(--wp--preset--spacing--50);\">\n<div class=\"wp-block-group alignwide has-base-2-background-color has-background\" style=\"border-radius: 16px; padding: var(--wp--preset--spacing--40) var(--wp--preset--spacing--50) var(--wp--preset--spacing--40) var(--wp--preset--spacing--50);\">\n<div class=\"wp-block-buttons\"><\/div><\/div>\n<p><\/p>\n<div class=\"wp-block-spacer\" style=\"height: var(--wp--preset--spacing--10);\" aria-hidden=\"true\">\u00a0<\/div>\n<p><\/p>\n<\/div>\n<p><!-- \/wp:group --><\/p>\n<\/div>\n<p><!-- \/wp:group --><\/p>\t\t\t\t\t\t\t\t<\/div>\n\t\t\t\t<\/div>\n\t\t\t\t\t<\/div>\n\t\t\t\t<\/div>\n\t\t\t\t<\/div>\n\t\t","protected":false},"excerpt":{"rendered":"<p>En fleurs fraiches ou s\u00e9ch\u00e9es \u00a0 \u00a0 \u00a0 Mariage\u00a0: \u00a0Bouquet de mari\u00e9e, centre de table, d\u00e9coration de l\u2019\u00e9glise, arche, couronne de t\u00eate, barettes, bracelet &#8230; Mais \u00e9galement tout autres \u00e9v\u00e8nements o\u00f9 vous souhaitez apporter de la gait\u00e9, et un peu de nature (bapt\u00eame, anniversaire, communion \u2026) Ou pour dire un dernier au revoir pour le deuil d\u2019un proche qui affectionnait les fleurs. Toutes mes cr\u00e9ations sont r\u00e9alis\u00e9es en mode eco-responsable sans mousse florale, mais avec du grillage qui est donc r\u00e9utilisable. Devis possible par mail\u00a0: \u00a0aujardinboheme@gmail.com<\/p>\n","protected":false},"author":1,"featured_media":0,"parent":0,"menu_order":0,"comment_status":"closed","ping_status":"closed","template":"","meta":{"footnotes":""},"class_list":["post-21","page","type-page","status-publish","hentry"],"_links":{"self":[{"href":"https:\/\/aujardinboheme.fr\/index.php\/wp-json\/wp\/v2\/pages\/21","targetHints":{"allow":["GET"]}}],"collection":[{"href":"https:\/\/aujardinboheme.fr\/index.php\/wp-json\/wp\/v2\/pages"}],"about":[{"href":"https:\/\/aujardinboheme.fr\/index.php\/wp-json\/wp\/v2\/types\/page"}],"author":[{"embeddable":true,"href":"https:\/\/aujardinboheme.fr\/index.php\/wp-json\/wp\/v2\/users\/1"}],"replies":[{"embeddable":true,"href":"https:\/\/aujardinboheme.fr\/index.php\/wp-json\/wp\/v2\/comments?post=21"}],"version-history":[{"count":17,"href":"https:\/\/aujardinboheme.fr\/index.php\/wp-json\/wp\/v2\/pages\/21\/revisions"}],"predecessor-version":[{"id":1249,"href":"https:\/\/aujardinboheme.fr\/index.php\/wp-json\/wp\/v2\/pages\/21\/revisions\/1249"}],"wp:attachment":[{"href":"https:\/\/aujardinboheme.fr\/index.php\/wp-json\/wp\/v2\/media?parent=21"}],"curies":[{"name":"wp","href":"https:\/\/api.w.org\/{rel}","templated":true}]}}