{"id":2,"date":"2025-03-11T10:19:48","date_gmt":"2025-03-11T09:19:48","guid":{"rendered":"http:\/\/aujardinboheme.fr\/?page_id=2"},"modified":"2025-04-25T22:19:14","modified_gmt":"2025-04-25T20:19:14","slug":"page-d-exemple","status":"publish","type":"page","link":"https:\/\/aujardinboheme.fr\/index.php\/page-d-exemple\/","title":{"rendered":"Les fleurs s\u00e9ch\u00e9es"},"content":{"rendered":"\t\t<div data-elementor-type=\"wp-page\" data-elementor-id=\"2\" class=\"elementor elementor-2\">\n\t\t\t\t<div class=\"elementor-element elementor-element-7ab30ec6 e-flex e-con-boxed wpr-particle-no wpr-jarallax-no wpr-parallax-no wpr-sticky-section-no wpr-equal-height-no e-con e-parent\" data-id=\"7ab30ec6\" data-element_type=\"container\" data-e-type=\"container\">\n\t\t\t\t\t<div class=\"e-con-inner\">\n\t\t\t\t<div class=\"elementor-element elementor-element-72673dd1 elementor-widget elementor-widget-text-editor\" data-id=\"72673dd1\" data-element_type=\"widget\" data-e-type=\"widget\" data-widget_type=\"text-editor.default\">\n\t\t\t\t<div class=\"elementor-widget-container\">\n\t\t\t\t\t\t\t\t\t<p>La fleur s\u00e9ch\u00e9e n\u2019est pas ma production principale mais je m\u2019y mets petit \u00e0 petit. La vall\u00e9e de la Selle est tr\u00e8s humide ce qui am\u00e8ne une culture plus capricieuse, plus lente car les temp\u00e9ratures y sont \u00e9galement plus fraiches de ce fait la culture y est moins \u00e9vidente.<\/p><p>J&rsquo;y produit du gypsophile, de l&rsquo;achill\u00e9e, nigelle de damas, Echinops (chardon bleu),\u00a0 et plein d&rsquo;autres vari\u00e9t\u00e9s dont on ne soup\u00e7onne pas leur capacit\u00e9 \u00e0 s\u00e9cher. (comme le dahlia)<\/p><p>Le s\u00e9chage se fait dans le grenier, atelier de la maison dans le noir et sans humidit\u00e9.<\/p><p>Afin de compl\u00e9ter mes cr\u00e9ations je passe par la ferme florale La grange \u00e0 fleurs, avec Jos\u00e9phine o\u00f9 elle cultive de magnifiques fleurs en Agriculture Biologique dans l&rsquo;Oise.<\/p><p>Ci-dessous mes cr\u00e9ations o\u00f9 il vous sera possible de passer commande en indiquant les coloris que vous souhaitez, la taille etc &#8230; .\u00a0<\/p><p>Commande possible par mail\u00a0: \u00a0aujardinboheme@gmail.com<\/p><p><!-- \/wp:paragraph --><\/p>\t\t\t\t\t\t\t\t<\/div>\n\t\t\t\t<\/div>\n\t\t\t\t\t<\/div>\n\t\t\t\t<\/div>\n\t\t<div class=\"elementor-element elementor-element-99b4f4e e-grid e-con-full wpr-particle-no wpr-jarallax-no wpr-parallax-no wpr-sticky-section-no wpr-equal-height-no e-con e-parent\" data-id=\"99b4f4e\" data-element_type=\"container\" data-e-type=\"container\">\n\t\t\t\t<div class=\"elementor-element elementor-element-71c9e91 elementor-widget elementor-widget-image\" data-id=\"71c9e91\" data-element_type=\"widget\" data-e-type=\"widget\" data-widget_type=\"image.default\">\n\t\t\t\t<div class=\"elementor-widget-container\">\n\t\t\t\t\t\t\t\t\t\t\t\t\t\t\t<img fetchpriority=\"high\" decoding=\"async\" width=\"768\" height=\"1024\" src=\"https:\/\/aujardinboheme.fr\/wp-content\/uploads\/2025\/03\/20231122_121913-Copie-1-768x1024.jpg\" class=\"attachment-large size-large wp-image-1122\" alt=\"Samedi 26 avril 10h30 \u00e0 12h\" srcset=\"https:\/\/aujardinboheme.fr\/wp-content\/uploads\/2025\/03\/20231122_121913-Copie-1-768x1024.jpg 768w, https:\/\/aujardinboheme.fr\/wp-content\/uploads\/2025\/03\/20231122_121913-Copie-1-225x300.jpg 225w, https:\/\/aujardinboheme.fr\/wp-content\/uploads\/2025\/03\/20231122_121913-Copie-1-1152x1536.jpg 1152w, https:\/\/aujardinboheme.fr\/wp-content\/uploads\/2025\/03\/20231122_121913-Copie-1-1536x2048.jpg 1536w, https:\/\/aujardinboheme.fr\/wp-content\/uploads\/2025\/03\/20231122_121913-Copie-1-1140x1520.jpg 1140w, https:\/\/aujardinboheme.fr\/wp-content\/uploads\/2025\/03\/20231122_121913-Copie-1-scaled.jpg 1920w\" sizes=\"(max-width: 768px) 100vw, 768px\" \/>\t\t\t\t\t\t\t\t\t\t\t\t\t\t\t<\/div>\n\t\t\t\t<\/div>\n\t\t\t\t<div class=\"elementor-element elementor-element-d755956 elementor-widget elementor-widget-image\" data-id=\"d755956\" data-element_type=\"widget\" data-e-type=\"widget\" data-widget_type=\"image.default\">\n\t\t\t\t<div class=\"elementor-widget-container\">\n\t\t\t\t\t\t\t\t\t\t\t\t\t\t\t<img decoding=\"async\" width=\"768\" height=\"1024\" src=\"https:\/\/aujardinboheme.fr\/wp-content\/uploads\/2025\/03\/20241207_102606-768x1024.jpg\" class=\"attachment-large size-large wp-image-1123\" alt=\"\" srcset=\"https:\/\/aujardinboheme.fr\/wp-content\/uploads\/2025\/03\/20241207_102606-768x1024.jpg 768w, https:\/\/aujardinboheme.fr\/wp-content\/uploads\/2025\/03\/20241207_102606-225x300.jpg 225w, https:\/\/aujardinboheme.fr\/wp-content\/uploads\/2025\/03\/20241207_102606-1152x1536.jpg 1152w, https:\/\/aujardinboheme.fr\/wp-content\/uploads\/2025\/03\/20241207_102606-1536x2048.jpg 1536w, https:\/\/aujardinboheme.fr\/wp-content\/uploads\/2025\/03\/20241207_102606-1140x1520.jpg 1140w, https:\/\/aujardinboheme.fr\/wp-content\/uploads\/2025\/03\/20241207_102606-scaled.jpg 1920w\" sizes=\"(max-width: 768px) 100vw, 768px\" \/>\t\t\t\t\t\t\t\t\t\t\t\t\t\t\t<\/div>\n\t\t\t\t<\/div>\n\t\t\t\t<div class=\"elementor-element elementor-element-8750a5e elementor-widget elementor-widget-image\" data-id=\"8750a5e\" data-element_type=\"widget\" data-e-type=\"widget\" data-widget_type=\"image.default\">\n\t\t\t\t<div class=\"elementor-widget-container\">\n\t\t\t\t\t\t\t\t\t\t\t\t\t\t\t<img decoding=\"async\" width=\"768\" height=\"1024\" src=\"https:\/\/aujardinboheme.fr\/wp-content\/uploads\/2025\/03\/20231223_130606-Copie-768x1024.jpg\" class=\"attachment-large size-large wp-image-35\" alt=\"\" srcset=\"https:\/\/aujardinboheme.fr\/wp-content\/uploads\/2025\/03\/20231223_130606-Copie-768x1024.jpg 768w, https:\/\/aujardinboheme.fr\/wp-content\/uploads\/2025\/03\/20231223_130606-Copie-225x300.jpg 225w, https:\/\/aujardinboheme.fr\/wp-content\/uploads\/2025\/03\/20231223_130606-Copie-1152x1536.jpg 1152w, https:\/\/aujardinboheme.fr\/wp-content\/uploads\/2025\/03\/20231223_130606-Copie-1536x2048.jpg 1536w, https:\/\/aujardinboheme.fr\/wp-content\/uploads\/2025\/03\/20231223_130606-Copie-scaled.jpg 1920w\" sizes=\"(max-width: 768px) 100vw, 768px\" \/>\t\t\t\t\t\t\t\t\t\t\t\t\t\t\t<\/div>\n\t\t\t\t<\/div>\n\t\t\t\t<div class=\"elementor-element elementor-element-77a03dd elementor-widget elementor-widget-image\" data-id=\"77a03dd\" data-element_type=\"widget\" data-e-type=\"widget\" data-widget_type=\"image.default\">\n\t\t\t\t<div class=\"elementor-widget-container\">\n\t\t\t\t\t\t\t\t\t\t\t\t\t\t\t<img loading=\"lazy\" decoding=\"async\" width=\"768\" height=\"1024\" src=\"https:\/\/aujardinboheme.fr\/wp-content\/uploads\/2025\/03\/20241013_184922-Copie-1-768x1024.jpg\" class=\"attachment-large size-large wp-image-1124\" alt=\"\" srcset=\"https:\/\/aujardinboheme.fr\/wp-content\/uploads\/2025\/03\/20241013_184922-Copie-1-768x1024.jpg 768w, https:\/\/aujardinboheme.fr\/wp-content\/uploads\/2025\/03\/20241013_184922-Copie-1-225x300.jpg 225w, https:\/\/aujardinboheme.fr\/wp-content\/uploads\/2025\/03\/20241013_184922-Copie-1-1152x1536.jpg 1152w, https:\/\/aujardinboheme.fr\/wp-content\/uploads\/2025\/03\/20241013_184922-Copie-1-1536x2048.jpg 1536w, https:\/\/aujardinboheme.fr\/wp-content\/uploads\/2025\/03\/20241013_184922-Copie-1-1140x1520.jpg 1140w, https:\/\/aujardinboheme.fr\/wp-content\/uploads\/2025\/03\/20241013_184922-Copie-1-scaled.jpg 1920w\" sizes=\"(max-width: 768px) 100vw, 768px\" \/>\t\t\t\t\t\t\t\t\t\t\t\t\t\t\t<\/div>\n\t\t\t\t<\/div>\n\t\t\t\t<\/div>\n\t\t<div class=\"elementor-element elementor-element-b665bbe e-flex e-con-boxed wpr-particle-no wpr-jarallax-no wpr-parallax-no wpr-sticky-section-no wpr-equal-height-no e-con e-parent\" data-id=\"b665bbe\" data-element_type=\"container\" data-e-type=\"container\">\n\t\t\t\t\t<div class=\"e-con-inner\">\n\t\t\t\t<div class=\"elementor-element elementor-element-3199448 elementor-widget elementor-widget-image\" data-id=\"3199448\" data-element_type=\"widget\" data-e-type=\"widget\" data-widget_type=\"image.default\">\n\t\t\t\t<div class=\"elementor-widget-container\">\n\t\t\t\t\t\t\t\t\t\t\t\t\t\t\t<img loading=\"lazy\" decoding=\"async\" width=\"960\" height=\"720\" src=\"https:\/\/aujardinboheme.fr\/wp-content\/uploads\/2025\/03\/20230524_101945-Copie-1024x768.jpg\" class=\"attachment-large size-large wp-image-40\" alt=\"\" srcset=\"https:\/\/aujardinboheme.fr\/wp-content\/uploads\/2025\/03\/20230524_101945-Copie-1024x768.jpg 1024w, https:\/\/aujardinboheme.fr\/wp-content\/uploads\/2025\/03\/20230524_101945-Copie-300x225.jpg 300w, https:\/\/aujardinboheme.fr\/wp-content\/uploads\/2025\/03\/20230524_101945-Copie-768x576.jpg 768w, https:\/\/aujardinboheme.fr\/wp-content\/uploads\/2025\/03\/20230524_101945-Copie-1536x1152.jpg 1536w, https:\/\/aujardinboheme.fr\/wp-content\/uploads\/2025\/03\/20230524_101945-Copie-2048x1536.jpg 2048w\" sizes=\"(max-width: 960px) 100vw, 960px\" \/>\t\t\t\t\t\t\t\t\t\t\t\t\t\t\t<\/div>\n\t\t\t\t<\/div>\n\t\t\t\t\t<\/div>\n\t\t\t\t<\/div>\n\t\t\t\t<\/div>\n\t\t","protected":false},"excerpt":{"rendered":"<p>La fleur s\u00e9ch\u00e9e n\u2019est pas ma production principale mais je m\u2019y mets petit \u00e0 petit. La vall\u00e9e de la Selle est tr\u00e8s humide ce qui am\u00e8ne une culture plus capricieuse, plus lente car les temp\u00e9ratures y sont \u00e9galement plus fraiches de ce fait la culture y est moins \u00e9vidente. J&rsquo;y produit du gypsophile, de l&rsquo;achill\u00e9e, nigelle de damas, Echinops (chardon bleu),\u00a0 et plein d&rsquo;autres vari\u00e9t\u00e9s dont on ne soup\u00e7onne pas leur capacit\u00e9 \u00e0 s\u00e9cher. (comme le dahlia) Le s\u00e9chage se fait dans le grenier, atelier de la maison dans le noir et sans humidit\u00e9. Afin de compl\u00e9ter mes cr\u00e9ations je passe par la ferme florale La grange \u00e0 fleurs, avec Jos\u00e9phine o\u00f9 elle cultive de magnifiques fleurs en Agriculture Biologique dans l&rsquo;Oise. Ci-dessous mes cr\u00e9ations o\u00f9 il vous sera possible de passer commande en indiquant les coloris que vous souhaitez, la taille etc &#8230; .\u00a0 Commande possible par mail\u00a0: \u00a0aujardinboheme@gmail.com<\/p>\n","protected":false},"author":1,"featured_media":0,"parent":0,"menu_order":0,"comment_status":"closed","ping_status":"open","template":"","meta":{"footnotes":""},"class_list":["post-2","page","type-page","status-publish","hentry"],"_links":{"self":[{"href":"https:\/\/aujardinboheme.fr\/index.php\/wp-json\/wp\/v2\/pages\/2","targetHints":{"allow":["GET"]}}],"collection":[{"href":"https:\/\/aujardinboheme.fr\/index.php\/wp-json\/wp\/v2\/pages"}],"about":[{"href":"https:\/\/aujardinboheme.fr\/index.php\/wp-json\/wp\/v2\/types\/page"}],"author":[{"embeddable":true,"href":"https:\/\/aujardinboheme.fr\/index.php\/wp-json\/wp\/v2\/users\/1"}],"replies":[{"embeddable":true,"href":"https:\/\/aujardinboheme.fr\/index.php\/wp-json\/wp\/v2\/comments?post=2"}],"version-history":[{"count":21,"href":"https:\/\/aujardinboheme.fr\/index.php\/wp-json\/wp\/v2\/pages\/2\/revisions"}],"predecessor-version":[{"id":1245,"href":"https:\/\/aujardinboheme.fr\/index.php\/wp-json\/wp\/v2\/pages\/2\/revisions\/1245"}],"wp:attachment":[{"href":"https:\/\/aujardinboheme.fr\/index.php\/wp-json\/wp\/v2\/media?parent=2"}],"curies":[{"name":"wp","href":"https:\/\/api.w.org\/{rel}","templated":true}]}}